{"id":5661,"date":"2018-07-31T08:51:34","date_gmt":"2018-07-31T08:51:34","guid":{"rendered":"https:\/\/fisiogaspar.sendysgroup.com\/aceitacao-rgpd\/"},"modified":"2018-10-14T15:06:18","modified_gmt":"2018-10-14T15:06:18","slug":"gdpr-acceptance","status":"publish","type":"page","link":"https:\/\/fisiogaspar.sendysgroup.com\/en\/gdpr-acceptance\/","title":{"rendered":"GDPR Acceptance"},"content":{"rendered":"[vc_row type=&#8221;in_container&#8221; full_screen_row_position=&#8221;middle&#8221; scene_position=&#8221;center&#8221; text_color=&#8221;dark&#8221; text_align=&#8221;left&#8221; top_padding=&#8221;80&#8243; bottom_padding=&#8221;80&#8243; overlay_strength=&#8221;0.3&#8243; shape_divider_position=&#8221;bottom&#8221; shape_type=&#8221;&#8221;][vc_column column_padding=&#8221;no-extra-padding&#8221; column_padding_position=&#8221;all&#8221; background_color_opacity=&#8221;1&#8243; background_hover_color_opacity=&#8221;1&#8243; column_shadow=&#8221;none&#8221; column_border_radius=&#8221;none&#8221; width=&#8221;1\/3&#8243; tablet_text_alignment=&#8221;default&#8221; phone_text_alignment=&#8221;default&#8221; column_border_width=&#8221;none&#8221; column_border_style=&#8221;solid&#8221;][\/vc_column][vc_column column_padding=&#8221;no-extra-padding&#8221; column_padding_position=&#8221;all&#8221; background_color_opacity=&#8221;1&#8243; background_hover_color_opacity=&#8221;1&#8243; column_shadow=&#8221;none&#8221; column_border_radius=&#8221;none&#8221; width=&#8221;1\/3&#8243; tablet_text_alignment=&#8221;default&#8221; phone_text_alignment=&#8221;default&#8221; column_border_width=&#8221;none&#8221; column_border_style=&#8221;solid&#8221;][vc_text_separator title=&#8221;Subscri\u00e7\u00e3o de Newsletters \u00e0 luz do RGPD&#8221;][vc_column_text]<script>(function() {\n\twindow.mc4wp = window.mc4wp || {\n\t\tlisteners: [],\n\t\tforms: {\n\t\t\ton: function(evt, cb) {\n\t\t\t\twindow.mc4wp.listeners.push(\n\t\t\t\t\t{\n\t\t\t\t\t\tevent   : evt,\n\t\t\t\t\t\tcallback: cb\n\t\t\t\t\t}\n\t\t\t\t);\n\t\t\t}\n\t\t}\n\t}\n})();\n<\/script><!-- Mailchimp for WordPress v4.12.2 - https:\/\/wordpress.org\/plugins\/mailchimp-for-wp\/ --><form id=\"mc4wp-form-1\" class=\"mc4wp-form mc4wp-form-5498\" method=\"post\" data-id=\"5498\" data-name=\"GDPR NEWSLETTER\" ><div class=\"mc4wp-form-fields\"><p>\r\n\t<label>Nome: <\/label>\r\n\t<input type=\"text\" name=\"Nome\" placeholder=\"O seu nome\" required \/>\r\n<\/p>\r\n\r\n<p>\r\n\t<label>Email: <\/label>\r\n\t<input type=\"email\" name=\"EMAIL\" placeholder=\"O seu email\" required \/>\r\n<\/p>\r\n\r\n<p>\r\n\t<label>Telem\u00f3vel: <\/label>\r\n\t<input type=\"text\" name=\"Nome\" placeholder=\"O seu telem\u00f3vel\" \/>\r\n<\/p>\r\n\r\n<p>\r\n    <label>Listas para subscrever:<\/label>\r\n  <br>\r\n    <label>\r\n        <input name=\"_mc4wp_lists[]\" value=\"71ce78b34f\" checked=\"true\" type=\"checkbox\"> &nbsp; <span>Newsletter Geral Fisiogaspar<\/span>\r\n    <\/label>\r\n  <br>\r\n    <label>\r\n        <input name=\"_mc4wp_lists[]\" value=\"ea0ccb9c72\" checked=\"true\" type=\"checkbox\"> &nbsp; <span>Academia Fisiogaspar<\/span>\r\n    <\/label>\r\n  <br>\r\n    <label>\r\n        <input name=\"_mc4wp_lists[]\" value=\"ff9e3785e2\" checked=\"true\" type=\"checkbox\"> &nbsp; <span>Cafetaria Fisiogaspar<\/span>\r\n    <\/label>\r\n<\/p>\r\n\r\n\r\n<p>\r\n\t<input type=\"submit\" value=\"Subscrever\" \/>\r\n<\/p>\r\n\r\n<p>\r\n    <label>\r\n        <input name=\"AGREE_TO_TERMS\" type=\"checkbox\" value=\"1\" required=\"required\"> &nbsp; Autorizo a utiliza\u00e7\u00e3o dos meus dados com base nas minhas prefer\u00eancias pessoais, para fins de Assist\u00eancia M\u00e9dica e Comercial, Campanhas de Marketing, Inqu\u00e9ritos de Qualidade e Satisfa\u00e7\u00e3o relacionados com produtos e servi\u00e7os comercializados pela Fisiogaspar\r\n    <\/label>\r\n<\/p>\r\n\r\n\r\n<\/div><label style=\"display: none !important;\">Leave this field empty if you're human: <input type=\"text\" name=\"_mc4wp_honeypot\" value=\"\" tabindex=\"-1\" autocomplete=\"off\" \/><\/label><input type=\"hidden\" name=\"_mc4wp_timestamp\" value=\"1778009661\" \/><input type=\"hidden\" name=\"_mc4wp_form_id\" value=\"5498\" \/><input type=\"hidden\" name=\"_mc4wp_form_element_id\" value=\"mc4wp-form-1\" \/><div class=\"mc4wp-response\"><\/div><\/form><!-- \/ Mailchimp for WordPress Plugin -->[\/vc_column_text][vc_column_text]<a href=\"https:\/\/fisiogaspar.sendysgroup.com\/extrafiles\/RGPD\/Anexo%20II%20-%20Informa%C3%A7%C3%A3o%20legal.pdf\" target=\"_blank\" rel=\"noopener\">Consultar Informa\u00e7\u00e3o Legal<\/a>\u00a0|\u00a0<a href=\"https:\/\/fisiogaspar.sendysgroup.com\/extrafiles\/RGPD\/Anexo%20III%20-%20regulamento%20dados%20pessoais.pdf\" target=\"_blank\" rel=\"noopener\">Regulamento 2016\/679<\/a>[\/vc_column_text][\/vc_column][vc_column column_padding=&#8221;no-extra-padding&#8221; column_padding_position=&#8221;all&#8221; background_color_opacity=&#8221;1&#8243; background_hover_color_opacity=&#8221;1&#8243; column_shadow=&#8221;none&#8221; column_border_radius=&#8221;none&#8221; width=&#8221;1\/3&#8243; tablet_text_alignment=&#8221;default&#8221; phone_text_alignment=&#8221;default&#8221; column_border_width=&#8221;none&#8221; column_border_style=&#8221;solid&#8221;][\/vc_column][\/vc_row]\n","protected":false},"excerpt":{"rendered":"<p>[vc_row type=&#8221;in_container&#8221; full_screen_row_position=&#8221;middle&#8221; scene_position=&#8221;center&#8221; text_color=&#8221;dark&#8221; text_align=&#8221;left&#8221; top_padding=&#8221;80&#8243; bottom_padding=&#8221;80&#8243; overlay_strength=&#8221;0.3&#8243; shape_divider_position=&#8221;bottom&#8221; shape_type=&#8221;&#8221;][vc_column column_padding=&#8221;no-extra-padding&#8221; column_padding_position=&#8221;all&#8221; background_color_opacity=&#8221;1&#8243; background_hover_color_opacity=&#8221;1&#8243; column_shadow=&#8221;none&#8221; column_border_radius=&#8221;none&#8221; width=&#8221;1\/3&#8243; tablet_text_alignment=&#8221;default&#8221; phone_text_alignment=&#8221;default&#8221;<\/p>\n","protected":false},"author":3,"featured_media":0,"parent":0,"menu_order":0,"comment_status":"closed","ping_status":"closed","template":"","meta":{"footnotes":""},"class_list":["post-5661","page","type-page","status-publish"],"acf":[],"yoast_head":"<!-- This site is optimized with the Yoast SEO plugin v27.4 - https:\/\/yoast.com\/product\/yoast-seo-wordpress\/ -->\n<title>GDPR Acceptance - Fisiogaspar<\/title>\n<meta name=\"robots\" content=\"index, follow, max-snippet:-1, max-image-preview:large, max-video-preview:-1\" \/>\n<link rel=\"canonical\" href=\"https:\/\/fisiogaspar.sendysgroup.com\/aceitacao-rgpd\/\" \/>\n<meta property=\"og:locale\" content=\"en_US\" \/>\n<meta property=\"og:type\" content=\"article\" \/>\n<meta property=\"og:title\" content=\"GDPR Acceptance - Fisiogaspar\" \/>\n<meta property=\"og:description\" content=\"[vc_row type=&#8221;in_container&#8221; full_screen_row_position=&#8221;middle&#8221; scene_position=&#8221;center&#8221; text_color=&#8221;dark&#8221; text_align=&#8221;left&#8221; top_padding=&#8221;80&#8243; bottom_padding=&#8221;80&#8243; overlay_strength=&#8221;0.3&#8243; shape_divider_position=&#8221;bottom&#8221; shape_type=&#8221;&#8221;][vc_column column_padding=&#8221;no-extra-padding&#8221; column_padding_position=&#8221;all&#8221; background_color_opacity=&#8221;1&#8243; background_hover_color_opacity=&#8221;1&#8243; column_shadow=&#8221;none&#8221; column_border_radius=&#8221;none&#8221; width=&#8221;1\/3&#8243; tablet_text_alignment=&#8221;default&#8221; phone_text_alignment=&#8221;default&#8221;\" \/>\n<meta property=\"og:url\" content=\"https:\/\/fisiogaspar.sendysgroup.com\/aceitacao-rgpd\/\" \/>\n<meta property=\"og:site_name\" content=\"Fisiogaspar\" \/>\n<meta property=\"article:modified_time\" content=\"2018-10-14T15:06:18+00:00\" \/>\n<meta name=\"twitter:card\" content=\"summary_large_image\" \/>\n<meta name=\"twitter:label1\" content=\"Est. reading time\" \/>\n\t<meta name=\"twitter:data1\" content=\"1 minute\" \/>\n<script type=\"application\/ld+json\" class=\"yoast-schema-graph\">{\"@context\":\"https:\\\/\\\/schema.org\",\"@graph\":[{\"@type\":\"WebPage\",\"@id\":\"https:\\\/\\\/fisiogaspar.sendysgroup.com\\\/aceitacao-rgpd\\\/\",\"url\":\"https:\\\/\\\/fisiogaspar.sendysgroup.com\\\/aceitacao-rgpd\\\/\",\"name\":\"GDPR Acceptance - Fisiogaspar\",\"isPartOf\":{\"@id\":\"https:\\\/\\\/fisiogaspar.sendysgroup.com\\\/#website\"},\"datePublished\":\"2018-07-31T08:51:34+00:00\",\"dateModified\":\"2018-10-14T15:06:18+00:00\",\"breadcrumb\":{\"@id\":\"https:\\\/\\\/fisiogaspar.sendysgroup.com\\\/aceitacao-rgpd\\\/#breadcrumb\"},\"inLanguage\":\"en-US\",\"potentialAction\":[{\"@type\":\"ReadAction\",\"target\":[\"https:\\\/\\\/fisiogaspar.sendysgroup.com\\\/aceitacao-rgpd\\\/\"]}]},{\"@type\":\"BreadcrumbList\",\"@id\":\"https:\\\/\\\/fisiogaspar.sendysgroup.com\\\/aceitacao-rgpd\\\/#breadcrumb\",\"itemListElement\":[{\"@type\":\"ListItem\",\"position\":1,\"name\":\"In\u00edcio\",\"item\":\"https:\\\/\\\/fisiogaspar.sendysgroup.com\\\/\"},{\"@type\":\"ListItem\",\"position\":2,\"name\":\"GDPR Acceptance\"}]},{\"@type\":\"WebSite\",\"@id\":\"https:\\\/\\\/fisiogaspar.sendysgroup.com\\\/#website\",\"url\":\"https:\\\/\\\/fisiogaspar.sendysgroup.com\\\/\",\"name\":\"Fisiogaspar\",\"description\":\"O seu bem-estar nas nossas m\u00e3os\",\"potentialAction\":[{\"@type\":\"SearchAction\",\"target\":{\"@type\":\"EntryPoint\",\"urlTemplate\":\"https:\\\/\\\/fisiogaspar.sendysgroup.com\\\/?s={search_term_string}\"},\"query-input\":{\"@type\":\"PropertyValueSpecification\",\"valueRequired\":true,\"valueName\":\"search_term_string\"}}],\"inLanguage\":\"en-US\"}]}<\/script>\n<!-- \/ Yoast SEO plugin. -->","yoast_head_json":{"title":"GDPR Acceptance - Fisiogaspar","robots":{"index":"index","follow":"follow","max-snippet":"max-snippet:-1","max-image-preview":"max-image-preview:large","max-video-preview":"max-video-preview:-1"},"canonical":"https:\/\/fisiogaspar.sendysgroup.com\/aceitacao-rgpd\/","og_locale":"en_US","og_type":"article","og_title":"GDPR Acceptance - Fisiogaspar","og_description":"[vc_row type=&#8221;in_container&#8221; full_screen_row_position=&#8221;middle&#8221; scene_position=&#8221;center&#8221; text_color=&#8221;dark&#8221; text_align=&#8221;left&#8221; top_padding=&#8221;80&#8243; bottom_padding=&#8221;80&#8243; overlay_strength=&#8221;0.3&#8243; shape_divider_position=&#8221;bottom&#8221; shape_type=&#8221;&#8221;][vc_column column_padding=&#8221;no-extra-padding&#8221; column_padding_position=&#8221;all&#8221; background_color_opacity=&#8221;1&#8243; background_hover_color_opacity=&#8221;1&#8243; column_shadow=&#8221;none&#8221; column_border_radius=&#8221;none&#8221; width=&#8221;1\/3&#8243; tablet_text_alignment=&#8221;default&#8221; phone_text_alignment=&#8221;default&#8221;","og_url":"https:\/\/fisiogaspar.sendysgroup.com\/aceitacao-rgpd\/","og_site_name":"Fisiogaspar","article_modified_time":"2018-10-14T15:06:18+00:00","twitter_card":"summary_large_image","twitter_misc":{"Est. reading time":"1 minute"},"schema":{"@context":"https:\/\/schema.org","@graph":[{"@type":"WebPage","@id":"https:\/\/fisiogaspar.sendysgroup.com\/aceitacao-rgpd\/","url":"https:\/\/fisiogaspar.sendysgroup.com\/aceitacao-rgpd\/","name":"GDPR Acceptance - Fisiogaspar","isPartOf":{"@id":"https:\/\/fisiogaspar.sendysgroup.com\/#website"},"datePublished":"2018-07-31T08:51:34+00:00","dateModified":"2018-10-14T15:06:18+00:00","breadcrumb":{"@id":"https:\/\/fisiogaspar.sendysgroup.com\/aceitacao-rgpd\/#breadcrumb"},"inLanguage":"en-US","potentialAction":[{"@type":"ReadAction","target":["https:\/\/fisiogaspar.sendysgroup.com\/aceitacao-rgpd\/"]}]},{"@type":"BreadcrumbList","@id":"https:\/\/fisiogaspar.sendysgroup.com\/aceitacao-rgpd\/#breadcrumb","itemListElement":[{"@type":"ListItem","position":1,"name":"In\u00edcio","item":"https:\/\/fisiogaspar.sendysgroup.com\/"},{"@type":"ListItem","position":2,"name":"GDPR Acceptance"}]},{"@type":"WebSite","@id":"https:\/\/fisiogaspar.sendysgroup.com\/#website","url":"https:\/\/fisiogaspar.sendysgroup.com\/","name":"Fisiogaspar","description":"O seu bem-estar nas nossas m\u00e3os","potentialAction":[{"@type":"SearchAction","target":{"@type":"EntryPoint","urlTemplate":"https:\/\/fisiogaspar.sendysgroup.com\/?s={search_term_string}"},"query-input":{"@type":"PropertyValueSpecification","valueRequired":true,"valueName":"search_term_string"}}],"inLanguage":"en-US"}]}},"_links":{"self":[{"href":"https:\/\/fisiogaspar.sendysgroup.com\/en\/wp-json\/wp\/v2\/pages\/5661","targetHints":{"allow":["GET"]}}],"collection":[{"href":"https:\/\/fisiogaspar.sendysgroup.com\/en\/wp-json\/wp\/v2\/pages"}],"about":[{"href":"https:\/\/fisiogaspar.sendysgroup.com\/en\/wp-json\/wp\/v2\/types\/page"}],"author":[{"embeddable":true,"href":"https:\/\/fisiogaspar.sendysgroup.com\/en\/wp-json\/wp\/v2\/users\/3"}],"replies":[{"embeddable":true,"href":"https:\/\/fisiogaspar.sendysgroup.com\/en\/wp-json\/wp\/v2\/comments?post=5661"}],"version-history":[{"count":1,"href":"https:\/\/fisiogaspar.sendysgroup.com\/en\/wp-json\/wp\/v2\/pages\/5661\/revisions"}],"predecessor-version":[{"id":5684,"href":"https:\/\/fisiogaspar.sendysgroup.com\/en\/wp-json\/wp\/v2\/pages\/5661\/revisions\/5684"}],"wp:attachment":[{"href":"https:\/\/fisiogaspar.sendysgroup.com\/en\/wp-json\/wp\/v2\/media?parent=5661"}],"curies":[{"name":"wp","href":"https:\/\/api.w.org\/{rel}","templated":true}]}}